{"id":2032,"date":"2017-05-06T09:09:19","date_gmt":"2017-05-06T13:09:19","guid":{"rendered":"http:\/\/www.golfdorval.com\/wordpress\/?page_id=2032"},"modified":"2022-06-18T10:23:24","modified_gmt":"2022-06-18T14:23:24","slug":"annulation-depart","status":"publish","type":"page","link":"http:\/\/www.golfdorval.com\/wordpress\/fr\/annulation-depart\/","title":{"rendered":"Annulation de d\u00e9part"},"content":{"rendered":"<blockquote>\n<h3><span style=\"color: #000000;\"><strong>Pour annuler une r\u00e9servation, cliquez sur le bouton rouge <\/strong><strong>et vous aurez acc\u00e8s \u00e0 votre tableau de bord. (apr\u00e8s vous \u00eatre connect\u00e9).<\/strong><\/span><\/h3>\n<p>\u00a0<\/p>\n<\/blockquote>\n\n\n<div class=\"wp-block-button aligncenter\"><a class=\"wp-block-button__link has-text-color has-very-light-gray-color has-background has-vivid-red-background-color\" href=\"http:\/\/www.chronogolf.ca\/fr\/login\"><strong>Cliquez-ici pour annuler votre d\u00e9part<\/strong><\/a><\/div>\n","protected":false},"excerpt":{"rendered":"<p>Pour annuler une r\u00e9servation, cliquez sur le bouton rouge et vous aurez acc\u00e8s \u00e0 votre tableau de bord. (apr\u00e8s vous \u00eatre connect\u00e9). \u00a0<\/p>\n","protected":false},"author":1,"featured_media":0,"parent":0,"menu_order":0,"comment_status":"closed","ping_status":"closed","template":"","meta":{"_monsterinsights_skip_tracking":false,"_monsterinsights_sitenote_active":false,"_monsterinsights_sitenote_note":"","_monsterinsights_sitenote_category":0,"footnotes":""},"aioseo_notices":[],"_links":{"self":[{"href":"http:\/\/www.golfdorval.com\/wordpress\/wp-json\/wp\/v2\/pages\/2032"}],"collection":[{"href":"http:\/\/www.golfdorval.com\/wordpress\/wp-json\/wp\/v2\/pages"}],"about":[{"href":"http:\/\/www.golfdorval.com\/wordpress\/wp-json\/wp\/v2\/types\/page"}],"author":[{"embeddable":true,"href":"http:\/\/www.golfdorval.com\/wordpress\/wp-json\/wp\/v2\/users\/1"}],"replies":[{"embeddable":true,"href":"http:\/\/www.golfdorval.com\/wordpress\/wp-json\/wp\/v2\/comments?post=2032"}],"version-history":[{"count":6,"href":"http:\/\/www.golfdorval.com\/wordpress\/wp-json\/wp\/v2\/pages\/2032\/revisions"}],"predecessor-version":[{"id":7311,"href":"http:\/\/www.golfdorval.com\/wordpress\/wp-json\/wp\/v2\/pages\/2032\/revisions\/7311"}],"wp:attachment":[{"href":"http:\/\/www.golfdorval.com\/wordpress\/wp-json\/wp\/v2\/media?parent=2032"}],"curies":[{"name":"wp","href":"https:\/\/api.w.org\/{rel}","templated":true}]}}