{"id":3382,"date":"2018-06-24T13:08:50","date_gmt":"2018-06-24T17:08:50","guid":{"rendered":"http:\/\/www.golfdorval.com\/wordpress\/?page_id=3382"},"modified":"2018-06-24T13:11:47","modified_gmt":"2018-06-24T17:11:47","slug":"pourquoi-prendre-des-lecons-de-golf","status":"publish","type":"page","link":"http:\/\/www.golfdorval.com\/wordpress\/fr\/pourquoi-prendre-des-lecons-de-golf\/","title":{"rendered":"Pourquoi prendre des le\u00e7ons de golf"},"content":{"rendered":"<h1 style=\"text-align: center;\"><span style=\"color: #008000;\">Pourquoi prendre des le\u00e7ons de golf ?<\/span><\/h1>\n<div id=\"ifeatureslider-1\" class=\"ifeatureslider ifeatureslider-3376 auto ifslider-cover\">\n  <div class=\"if-wrapper\">\n    <ul class=\"if-slides\">\n            <li class=\"slide slide-0  current\"> <img loading=\"lazy\" decoding=\"async\" src=\"http:\/\/www.golfdorval.com\/wordpress\/wp-content\/uploads\/2018\/06\/photo-lessons-3-PixTeller-261651.jpg\" width=\"980\" height=\"370\" \/> <\/li>\n            <li class=\"slide slide-1 hide-slide \"> <img loading=\"lazy\" decoding=\"async\" src=\"http:\/\/www.golfdorval.com\/wordpress\/wp-content\/uploads\/2018\/06\/photo-lessons-1-PixTeller-261649.jpg\" width=\"980\" height=\"370\" \/> <\/li>\n            <li class=\"slide slide-2 hide-slide \"> <img loading=\"lazy\" decoding=\"async\" src=\"http:\/\/www.golfdorval.com\/wordpress\/wp-content\/uploads\/2018\/06\/photo-lessons-2-PixTeller-261650.jpg\" width=\"980\" height=\"370\" \/> <\/li>\n          <\/ul>\n    <div class=\"if-buttons\"  data-slide=\"1\">\n      <div class=\"if-floater\"><\/div>\n      <a class=\"if-prev-btn\">\n        <span class=\"if-arrow prev\" style=\"color:#4993e7\" >&laquo;<\/span>\n      <\/a>\n      <a class=\"if-next-btn\">\n        <span class=\"if-arrow next\" style=\"color:#4993e7\" >&raquo;<\/span>\n      <\/a>\n    <\/div>\n  <\/div>\n<\/div>\n\n<h2 style=\"text-align: center;\"><span style=\"color: #008000;\">La question est simple &#8220;\u00eatre meilleur pour jouer au golf et pour que ce soit amusant et de s&#8217;am\u00e9liorer.<\/span><\/h2>\n<h2 style=\"text-align: center;\"><span style=\"color: #008000;\">Il y a beaucoup \u00e0 apprendre de l&#8217;\u00e9lan de golf, les meilleurs golfeurs au monde ont tous des instructeurs.<\/span><\/h2>\n<h2 style=\"text-align: center;\"><span style=\"color: #008000;\">Pourquoi ? Parce qu&#8217;ils veulent tous devenir meilleurs.<\/span><\/h2>\n<h2 style=\"text-align: center;\"><span style=\"color: #008000;\">Il y a s\u00fbrement des coups que vous vous demandez, je ne comprends pas pourquoi que \u00e7a ne fonctionne pas.<\/span><\/h2>\n<h2 style=\"text-align: center;\"><span style=\"color: #008000;\">Pourquoi ne pas prendre avantage d&#8217;un Pro Bruce Eaves certifi\u00e9 par CPGA, Verna Glaude AGPQ, et Roger Allard instructeur certifi\u00e9 de PEGQ, que ce soit des fers d&#8217;approche ou long, bois de d\u00e9part ou bien des bois d&#8217;all\u00e9es pour vous aider \u00e0 vous corriger, pour mieux jouer aussi bien qu&#8217;un joueur ou joueuse de n&#8217;importe quel niveau.\u00a0<\/span><\/h2>\n<h1><span style=\"color: #ff0000;\">Les Pros du Golf Dorval<\/span><\/h1>\n<h1>informations: <a href=\"http:\/\/www.golfdorval.com\/wordpress\/fr\/lecons-de-golf\/\"><span style=\"color: #ff0000;\">cliquez ici<\/span><\/a><\/h1>\n<p>&nbsp;<\/p>\n","protected":false},"excerpt":{"rendered":"<p>Pourquoi prendre des le\u00e7ons de golf ? La question est simple &#8220;\u00eatre meilleur pour jouer au golf et pour que ce soit amusant et de s&#8217;am\u00e9liorer. Il y a beaucoup [&hellip;]<\/p>\n","protected":false},"author":1,"featured_media":0,"parent":0,"menu_order":0,"comment_status":"closed","ping_status":"closed","template":"","meta":{"_monsterinsights_skip_tracking":false,"_monsterinsights_sitenote_active":false,"_monsterinsights_sitenote_note":"","_monsterinsights_sitenote_category":0,"footnotes":""},"aioseo_notices":[],"_links":{"self":[{"href":"http:\/\/www.golfdorval.com\/wordpress\/wp-json\/wp\/v2\/pages\/3382"}],"collection":[{"href":"http:\/\/www.golfdorval.com\/wordpress\/wp-json\/wp\/v2\/pages"}],"about":[{"href":"http:\/\/www.golfdorval.com\/wordpress\/wp-json\/wp\/v2\/types\/page"}],"author":[{"embeddable":true,"href":"http:\/\/www.golfdorval.com\/wordpress\/wp-json\/wp\/v2\/users\/1"}],"replies":[{"embeddable":true,"href":"http:\/\/www.golfdorval.com\/wordpress\/wp-json\/wp\/v2\/comments?post=3382"}],"version-history":[{"count":1,"href":"http:\/\/www.golfdorval.com\/wordpress\/wp-json\/wp\/v2\/pages\/3382\/revisions"}],"predecessor-version":[{"id":3384,"href":"http:\/\/www.golfdorval.com\/wordpress\/wp-json\/wp\/v2\/pages\/3382\/revisions\/3384"}],"wp:attachment":[{"href":"http:\/\/www.golfdorval.com\/wordpress\/wp-json\/wp\/v2\/media?parent=3382"}],"curies":[{"name":"wp","href":"https:\/\/api.w.org\/{rel}","templated":true}]}}