{"id":53,"date":"2016-01-10T18:23:07","date_gmt":"2016-01-10T18:23:07","guid":{"rendered":"http:\/\/127.0.0.1\/wordpress\/?page_id=53"},"modified":"2026-03-31T11:23:27","modified_gmt":"2026-03-31T15:23:27","slug":"champ-de-pratique-public-region-de-montreal","status":"publish","type":"page","link":"http:\/\/www.golfdorval.com\/wordpress\/fr\/champ-de-pratique-public-region-de-montreal\/","title":{"rendered":"Champ de pratique public"},"content":{"rendered":"<h1 style=\"text-align: center;\"><span style=\"color: #008000;\"><strong><em>Champ de pratique public dans la r\u00e9gion de Montr\u00e9al <\/em><\/strong><\/span><\/h1>\r\n<blockquote>\r\n<h3 style=\"text-align: center;\">\u00a0<\/h3>\r\n<h2 style=\"text-align: center;\"><span style=\"color: #ff0000;\"><strong>\u00a0Date d&#8217;ouverture:\u00a0 \u00e0 d\u00e9terminer.<\/strong><\/span><\/h2>\r\n<h3><span style=\"color: #0000ff;\">Nous pr\u00eatons un b\u00e2ton par personne si vous n&#8217;en avez pas.\u00a0 <\/span><\/h3>\r\n<h2>Vous achetez vos paniers au Pro-shop<\/h2>\r\n<h2 style=\"text-align: center;\">\u00a0<\/h2>\r\n<h2 style=\"text-align: center;\"><span style=\"color: #ff0000;\">Ouvert au public pas besoin de r\u00e9servations<\/span><\/h2>\r\n<h2>\u00a0<\/h2>\r\n<h3>\u00a0<\/h3>\r\n<\/blockquote>\r\n<h2 style=\"text-align: center;\"><strong><span style=\"color: #000080;\">\u00a0<span style=\"color: #0000ff;\">\u00a0<\/span><\/span><\/strong><\/h2>\r\n<div id=\"ifeatureslider-1\" class=\"ifeatureslider ifeatureslider-22 auto ifslider-cover\">\n  <div class=\"if-wrapper\">\n    <ul class=\"if-slides\">\n            <li class=\"slide slide-0  current\"> <img loading=\"lazy\" decoding=\"async\" src=\"http:\/\/www.golfdorval.com\/wordpress\/wp-content\/uploads\/2017\/07\/champ-de-pratique-diaporama-1.jpg\" width=\"980\" height=\"370\" \/> <\/li>\n            <li class=\"slide slide-1 hide-slide \"> <img loading=\"lazy\" decoding=\"async\" src=\"http:\/\/www.golfdorval.com\/wordpress\/wp-content\/uploads\/2018\/06\/1-5.jpg\" width=\"980\" height=\"370\" \/> <\/li>\n            <li class=\"slide slide-2 hide-slide \"> <img loading=\"lazy\" decoding=\"async\" src=\"http:\/\/www.golfdorval.com\/wordpress\/wp-content\/uploads\/2017\/07\/champ-de-pratique-diaporama.jpg\" width=\"980\" height=\"370\" \/> <\/li>\n            <li class=\"slide slide-3 hide-slide \"> <img loading=\"lazy\" decoding=\"async\" src=\"http:\/\/www.golfdorval.com\/wordpress\/wp-content\/uploads\/2017\/07\/champ-de-pratique-diaporama-2.jpg\" width=\"980\" height=\"370\" \/> <\/li>\n            <li class=\"slide slide-4 hide-slide \"> <img loading=\"lazy\" decoding=\"async\" src=\"http:\/\/www.golfdorval.com\/wordpress\/wp-content\/uploads\/2017\/07\/champ-de-pratique-diaporama-3.jpg\" width=\"980\" height=\"370\" \/> <\/li>\n          <\/ul>\n    <div class=\"if-buttons\"  data-slide=\"1\">\n      <div class=\"if-floater\"><\/div>\n      <a class=\"if-prev-btn\">\n        <span class=\"if-arrow prev\" style=\"color:#4993e7\" >&laquo;<\/span>\n      <\/a>\n      <a class=\"if-next-btn\">\n        <span class=\"if-arrow next\" style=\"color:#4993e7\" >&raquo;<\/span>\n      <\/a>\n    <\/div>\n  <\/div>\n<\/div>\n\r\n<h3><span style=\"color: #008000;\"><strong>Est-ce que vous frapper des balles souvent ? \u00a0 \u00a0 \u00c0 l&#8217;achat de\u00a0 \u00a030 ou 65 paniers recevez gratuitement la carte rechargeable \u00e0 puce de Golf Dorval !!!<\/strong><\/span><\/h3>\r\n<h3><span style=\"color: #008000;\"><strong>Disponible \u00e0 la boutique du Golf Dorval<\/strong><\/span><\/h3>\r\n<h3><span style=\"color: #008000;\"><strong><em><u>Avantages de la carte \u00e0 puce de Golf Dorval<\/u><\/em><\/strong><\/span><\/h3>\r\n<ul>\r\n<li>\r\n<h4><span style=\"color: #008000;\"><strong>Libre-service \u00e0 la distributrice de balles<\/strong><\/span><\/h4>\r\n<\/li>\r\n<li>\r\n<h4><span style=\"color: #008000;\"><strong>Rechargeable\u00a0<\/strong><\/span><\/h4>\r\n<\/li>\r\n<li>\r\n<h4><span style=\"color: #008000;\"><strong>Aucune date d&#8217;expiration<\/strong><\/span><\/h4>\r\n<\/li>\r\n<li>\r\n<h4><span style=\"color: #008000;\"><strong>Remplacement de la carte en cas de perte, avec votre solde de panier pour 6$ ***\u00a0<\/strong><\/span><\/h4>\r\n<\/li>\r\n<\/ul>\r\n<p><img loading=\"lazy\" decoding=\"async\" class=\"aligncenter wp-image-4090 size-full\" title=\" Champ de pratique public dans la r\u00e9gion de Montr\u00e9al\" src=\"http:\/\/www.golfdorval.com\/wordpress\/wp-content\/uploads\/2019\/04\/Copie-de-Sans-titre-1.png\" alt=\"Champ de pratique public dans la r\u00e9gion de Montr\u00e9al\" width=\"900\" height=\"500\" srcset=\"http:\/\/www.golfdorval.com\/wordpress\/wp-content\/uploads\/2019\/04\/Copie-de-Sans-titre-1.png 900w, http:\/\/www.golfdorval.com\/wordpress\/wp-content\/uploads\/2019\/04\/Copie-de-Sans-titre-1-300x167.png 300w, http:\/\/www.golfdorval.com\/wordpress\/wp-content\/uploads\/2019\/04\/Copie-de-Sans-titre-1-768x427.png 768w\" sizes=\"(max-width: 900px) 100vw, 900px\" \/><\/p>\r\n<h3><span style=\"color: #008000;\"><strong><span style=\"font-family: Calibri;\">*** Demandez pour les d\u00e9tails***<\/span><\/strong><\/span><\/h3>\r\n<h2><span style=\"color: #0000ff;\"><strong style=\"color: #0000ff;\">Un champ de pratique public avec 53 partitions sur tapis, , 1 fosse de sable, 2 cibles en filet, <span style=\"color: #ff0000;\">La section sur gazon<\/span><\/strong><\/span><span style=\"color: #ff0000;\"><strong> est ferm\u00e9e pour le reste de la saison,\u00a0 pour permettre au gazon de repousser.<\/strong><\/span><\/h2>\r\n<h2>\u00a0<\/h2>\r\n<h1><span style=\"color: #0000ff;\"><strong><span style=\"color: #0000ff;\"><span style=\"color: #ff0000;\">Le service de navette est maintenant \u00e0 partir de 12h00 jusqu&#8217;\u00e0 la fin de saison.<\/span><\/span><\/strong><\/span><\/h1>\r\n<p>&nbsp;<\/p>\r\n<h2><span style=\"color: #ff6600;\">Le panier de balles contient environ 50 balles<\/span><\/h2>\r\n<h3><span style=\"color: #008000;\"><strong>PANIER DE BALLES (1)\u00a0 \u00a0 \u00a0 \u00a0 \u00a0 \u00a0 \u00a010.00$<\/strong><\/span><\/h3>\r\n<h3><span style=\"color: #008000;\"><strong>PANIER DE BALLES (6)\u00a0 \u00a0 \u00a0 \u00a0 \u00a048.00$\u00a0 (8.00$ chacun)\u00a0 \u00a0 \u00a0aucune date d&#8217;expiration\u00a0<\/strong><\/span><\/h3>\r\n<h3><span style=\"color: #008000;\"><strong>PANIER DE BALLES (14)\u00a0 \u00a0 \u00a0 \u00a096.00$\u00a0 (6.86$ chacun)\u00a0 \u00a0 \u00a0aucune date d&#8217;expiration<\/strong><\/span><\/h3>\r\n<h3><span style=\"color: #008000;\"><strong>PANIER DE BALLES (30)\u00a0\u00a0\u00a0\u00a0\u00a0192.00$\u00a0 (6.40$ chacun)\u00a0 \u00a0 \u00a0aucune date d&#8217;expiration<\/strong><\/span><\/h3>\r\n<h3><span style=\"color: #008000;\"><strong>PANIER DE BALLES (65)\u00a0\u00a0\u00a0\u00a0\u00a0 340.00$ (5.23$ chacun)\u00a0 \u00a0 aucune date d&#8217;expiration<\/strong><\/span><\/h3>\r\n<h2>\u00a0<\/h2>\r\n\r\n<p>&nbsp;<\/p>\r\n","protected":false},"excerpt":{"rendered":"<p>Champ de pratique public dans la r\u00e9gion de Montr\u00e9al \u00a0 \u00a0Date d&#8217;ouverture:\u00a0 \u00e0 d\u00e9terminer. Nous pr\u00eatons un b\u00e2ton par personne si vous n&#8217;en avez pas.\u00a0 Vous achetez vos paniers au [&hellip;]<\/p>\n","protected":false},"author":1,"featured_media":0,"parent":0,"menu_order":0,"comment_status":"closed","ping_status":"closed","template":"","meta":{"_monsterinsights_skip_tracking":false,"_monsterinsights_sitenote_active":false,"_monsterinsights_sitenote_note":"","_monsterinsights_sitenote_category":0,"footnotes":""},"aioseo_notices":[],"_links":{"self":[{"href":"http:\/\/www.golfdorval.com\/wordpress\/wp-json\/wp\/v2\/pages\/53"}],"collection":[{"href":"http:\/\/www.golfdorval.com\/wordpress\/wp-json\/wp\/v2\/pages"}],"about":[{"href":"http:\/\/www.golfdorval.com\/wordpress\/wp-json\/wp\/v2\/types\/page"}],"author":[{"embeddable":true,"href":"http:\/\/www.golfdorval.com\/wordpress\/wp-json\/wp\/v2\/users\/1"}],"replies":[{"embeddable":true,"href":"http:\/\/www.golfdorval.com\/wordpress\/wp-json\/wp\/v2\/comments?post=53"}],"version-history":[{"count":246,"href":"http:\/\/www.golfdorval.com\/wordpress\/wp-json\/wp\/v2\/pages\/53\/revisions"}],"predecessor-version":[{"id":10114,"href":"http:\/\/www.golfdorval.com\/wordpress\/wp-json\/wp\/v2\/pages\/53\/revisions\/10114"}],"wp:attachment":[{"href":"http:\/\/www.golfdorval.com\/wordpress\/wp-json\/wp\/v2\/media?parent=53"}],"curies":[{"name":"wp","href":"https:\/\/api.w.org\/{rel}","templated":true}]}}