{"id":9704,"date":"2025-05-02T19:22:38","date_gmt":"2025-05-02T23:22:38","guid":{"rendered":"http:\/\/www.golfdorval.com\/wordpress\/?page_id=9704"},"modified":"2025-05-02T19:22:38","modified_gmt":"2025-05-02T23:22:38","slug":"carte-activites-dorval","status":"publish","type":"page","link":"http:\/\/www.golfdorval.com\/wordpress\/fr\/carte-activites-dorval\/","title":{"rendered":"Carte activit\u00e9s Dorval"},"content":{"rendered":"<h2><span style=\"color: #008000;\"><strong>Golf Dorval\u00a0: Nouvelle proc\u00e9dure!<\/strong><\/span><\/h2>\n<h3><span style=\"color: #008000;\"><strong>ATTENTION<\/strong>\u00a0: Est-ce que votre Affiliation r\u00e9sidente est \u00e0 jour sur votre carte Activit\u00e9s Dorval?<\/span><\/h3>\n<h3><span style=\"color: #008000;\">Afin de b\u00e9n\u00e9ficier des privil\u00e8ges de r\u00e9sident lors de votre prochaine visite au Golf Dorval ou pour vous procurer un forfait Club Dorval S\u00e9lect, votre Affiliation r\u00e9sidente <em>doit<\/em> \u00eatre \u00e0 jour sur votre carte Activit\u00e9s Dorval. Si votre Affiliation r\u00e9sidente est expir\u00e9e, vous devez vous pr\u00e9senter dans un des (4) points de service de la Cit\u00e9 de Dorval avec votre preuve de r\u00e9sidence afin de la renouveler. Ne tardez-pas, c\u2019est simple et gratuit! Pour tous les d\u00e9tails sur la carte Activit\u00e9s Dorval et comment la renouveler, veuillez-vous rendre sur le site web de la Cit\u00e9 de Dorval <strong><a style=\"color: #008000;\" href=\"https:\/\/www.ville.dorval.qc.ca\/fr\/loisirs-et-culture\/page\/carte-acces-loisirs\">ici<\/a><\/strong><\/span><\/h3>\n<h3><span style=\"color: #008000;\">La plateforme Amilia de la Cit\u00e9 de Dorval sera d\u00e9ploy\u00e9e au Golf Dorval dans les semaines \u00e0 venir. Le comptoir du Golf Dorval pourra scanner votre carte Activit\u00e9s Dorval et ainsi v\u00e9rifier la validit\u00e9 de votre Affiliation r\u00e9sidente. Notez que la carte est disponible en format virtuel ou imprim\u00e9.<\/span><\/h3>\n<h3><span style=\"color: #ff0000;\">Veuillez noter que l\u2019ancienne carte de r\u00e9sident <em>ne sera plus accept\u00e9e<\/em> au Golf Dorval apr\u00e8s le <u>1<sup>er<\/sup> juin<\/u>.<\/span><\/h3>\n<p>&nbsp;<\/p>\n<p><img loading=\"lazy\" decoding=\"async\" class=\"aligncenter size-full wp-image-9705\" src=\"http:\/\/www.golfdorval.com\/wordpress\/wp-content\/uploads\/2025\/05\/Dorval-Activity-card-1.png\" alt=\"Carte activit\u00e9s Dorval\" width=\"1000\" height=\"600\" srcset=\"http:\/\/www.golfdorval.com\/wordpress\/wp-content\/uploads\/2025\/05\/Dorval-Activity-card-1.png 1000w, http:\/\/www.golfdorval.com\/wordpress\/wp-content\/uploads\/2025\/05\/Dorval-Activity-card-1-300x180.png 300w, http:\/\/www.golfdorval.com\/wordpress\/wp-content\/uploads\/2025\/05\/Dorval-Activity-card-1-768x461.png 768w\" sizes=\"(max-width: 1000px) 100vw, 1000px\" \/><\/p>\n","protected":false},"excerpt":{"rendered":"<p>Golf Dorval\u00a0: Nouvelle proc\u00e9dure! ATTENTION\u00a0: Est-ce que votre Affiliation r\u00e9sidente est \u00e0 jour sur votre carte Activit\u00e9s Dorval? Afin de b\u00e9n\u00e9ficier des privil\u00e8ges de r\u00e9sident lors de votre prochaine visite [&hellip;]<\/p>\n","protected":false},"author":1,"featured_media":0,"parent":0,"menu_order":0,"comment_status":"closed","ping_status":"closed","template":"","meta":{"_monsterinsights_skip_tracking":false,"_monsterinsights_sitenote_active":false,"_monsterinsights_sitenote_note":"","_monsterinsights_sitenote_category":0,"footnotes":""},"aioseo_notices":[],"_links":{"self":[{"href":"http:\/\/www.golfdorval.com\/wordpress\/wp-json\/wp\/v2\/pages\/9704"}],"collection":[{"href":"http:\/\/www.golfdorval.com\/wordpress\/wp-json\/wp\/v2\/pages"}],"about":[{"href":"http:\/\/www.golfdorval.com\/wordpress\/wp-json\/wp\/v2\/types\/page"}],"author":[{"embeddable":true,"href":"http:\/\/www.golfdorval.com\/wordpress\/wp-json\/wp\/v2\/users\/1"}],"replies":[{"embeddable":true,"href":"http:\/\/www.golfdorval.com\/wordpress\/wp-json\/wp\/v2\/comments?post=9704"}],"version-history":[{"count":2,"href":"http:\/\/www.golfdorval.com\/wordpress\/wp-json\/wp\/v2\/pages\/9704\/revisions"}],"predecessor-version":[{"id":9709,"href":"http:\/\/www.golfdorval.com\/wordpress\/wp-json\/wp\/v2\/pages\/9704\/revisions\/9709"}],"wp:attachment":[{"href":"http:\/\/www.golfdorval.com\/wordpress\/wp-json\/wp\/v2\/media?parent=9704"}],"curies":[{"name":"wp","href":"https:\/\/api.w.org\/{rel}","templated":true}]}}